{"id":74,"date":"2023-06-25T08:54:44","date_gmt":"2023-06-25T11:54:44","guid":{"rendered":"https:\/\/novorobo1sd.online\/?page_id=74"},"modified":"2023-06-25T09:00:56","modified_gmt":"2023-06-25T12:00:56","slug":"om5-segredo","status":"publish","type":"page","link":"https:\/\/novorobo1sd.online\/index.php\/om5-segredo\/","title":{"rendered":"OM5- SEGREDO"},"content":{"rendered":"\t\t<div data-elementor-type=\"wp-page\" data-elementor-id=\"74\" class=\"elementor elementor-74\" data-elementor-post-type=\"page\">\n\t\t\t\t\t\t\t\t\t<section data-particle_enable=\"false\" data-particle-mobile-disabled=\"false\" class=\"elementor-section elementor-top-section elementor-element elementor-element-67a1c282 elementor-section-boxed elementor-section-height-default elementor-section-height-default wpr-particle-no wpr-jarallax-no wpr-parallax-no wpr-sticky-section-no\" data-id=\"67a1c282\" data-element_type=\"section\" data-settings=\"{&quot;background_background&quot;:&quot;gradient&quot;}\">\n\t\t\t\t\t\t<div class=\"elementor-container elementor-column-gap-default\">\n\t\t\t\t\t<div class=\"elementor-column elementor-col-100 elementor-top-column elementor-element elementor-element-57400c4c\" data-id=\"57400c4c\" data-element_type=\"column\">\n\t\t\t<div class=\"elementor-widget-wrap elementor-element-populated\">\n\t\t\t\t\t\t\t\t\t<\/div>\n\t\t<\/div>\n\t\t\t\t\t\t\t<\/div>\n\t\t<\/section>\n\t\t\t\t<section data-particle_enable=\"false\" data-particle-mobile-disabled=\"false\" class=\"elementor-section elementor-top-section elementor-element elementor-element-14b2d8e0 elementor-section-boxed elementor-section-height-default elementor-section-height-default wpr-particle-no wpr-jarallax-no wpr-parallax-no wpr-sticky-section-no\" data-id=\"14b2d8e0\" data-element_type=\"section\" data-settings=\"{&quot;background_background&quot;:&quot;gradient&quot;}\">\n\t\t\t\t\t\t<div class=\"elementor-container elementor-column-gap-default\">\n\t\t\t\t\t<div class=\"elementor-column elementor-col-100 elementor-top-column elementor-element elementor-element-f46985e\" data-id=\"f46985e\" data-element_type=\"column\">\n\t\t\t<div class=\"elementor-widget-wrap elementor-element-populated\">\n\t\t\t\t\t\t\t\t<div class=\"elementor-element elementor-element-2bfa4056 elementor-widget elementor-widget-html\" data-id=\"2bfa4056\" data-element_type=\"widget\" data-widget_type=\"html.default\">\n\t\t\t\t<div class=\"elementor-widget-container\">\n\t\t\t<div id=\"vid_6497ab8c580477000a84cb8c\" style=\"position:relative;width:100%;padding: 56.25% 0 0;\"><img decoding=\"async\" id=\"thumb_6497ab8c580477000a84cb8c\" src=\"https:\/\/images.converteai.net\/af567a12-86a9-4506-bf8b-459ae5043d97\/players\/6497ab8c580477000a84cb8c\/thumbnail.jpg\" style=\"position:absolute;top:0;left:0;width:100%;height:100%;object-fit:cover;display:block;\"><div id=\"backdrop_6497ab8c580477000a84cb8c\" style=\"position:absolute;top:0;width:100%;height:100%;-webkit-backdrop-filter:blur(5px);backdrop-filter:blur(5px);\"><\/div><\/div><script type=\"text\/javascript\" id=\"scr_6497ab8c580477000a84cb8c\">var s=document.createElement(\"script\");s.src=\"https:\/\/scripts.converteai.net\/af567a12-86a9-4506-bf8b-459ae5043d97\/players\/6497ab8c580477000a84cb8c\/player.js\",s.async=!0,document.head.appendChild(s);<\/script>\t\t<\/div>\n\t\t\t\t<\/div>\n\t\t\t\t<div class=\"elementor-element elementor-element-32dba304 elementor-widget elementor-widget-heading\" data-id=\"32dba304\" data-element_type=\"widget\" data-widget_type=\"heading.default\">\n\t\t\t\t<div class=\"elementor-widget-container\">\n\t\t\t<style>\/*! elementor - v3.15.0 - 02-08-2023 *\/\n.elementor-heading-title{padding:0;margin:0;line-height:1}.elementor-widget-heading .elementor-heading-title[class*=elementor-size-]>a{color:inherit;font-size:inherit;line-height:inherit}.elementor-widget-heading .elementor-heading-title.elementor-size-small{font-size:15px}.elementor-widget-heading .elementor-heading-title.elementor-size-medium{font-size:19px}.elementor-widget-heading .elementor-heading-title.elementor-size-large{font-size:29px}.elementor-widget-heading .elementor-heading-title.elementor-size-xl{font-size:39px}.elementor-widget-heading .elementor-heading-title.elementor-size-xxl{font-size:59px}<\/style><h2 class=\"elementor-heading-title elementor-size-default\">\ud83d\udd0a Verifique se o seu \u00e1udio est\u00e1 ligado!<\/h2>\t\t<\/div>\n\t\t\t\t<\/div>\n\t\t\t\t<div class=\"elementor-element elementor-element-7b50b49d elementor-widget elementor-widget-spacer\" data-id=\"7b50b49d\" data-element_type=\"widget\" data-widget_type=\"spacer.default\">\n\t\t\t\t<div class=\"elementor-widget-container\">\n\t\t\t<style>\/*! elementor - v3.15.0 - 02-08-2023 *\/\n.elementor-column .elementor-spacer-inner{height:var(--spacer-size)}.e-con{--container-widget-width:100%}.e-con-inner>.elementor-widget-spacer,.e-con>.elementor-widget-spacer{width:var(--container-widget-width,var(--spacer-size));--align-self:var(--container-widget-align-self,initial);--flex-shrink:0}.e-con-inner>.elementor-widget-spacer>.elementor-widget-container,.e-con-inner>.elementor-widget-spacer>.elementor-widget-container>.elementor-spacer,.e-con>.elementor-widget-spacer>.elementor-widget-container,.e-con>.elementor-widget-spacer>.elementor-widget-container>.elementor-spacer{height:100%}.e-con-inner>.elementor-widget-spacer>.elementor-widget-container>.elementor-spacer>.elementor-spacer-inner,.e-con>.elementor-widget-spacer>.elementor-widget-container>.elementor-spacer>.elementor-spacer-inner{height:var(--container-widget-height,var(--spacer-size))}<\/style>\t\t<div class=\"elementor-spacer\">\n\t\t\t<div class=\"elementor-spacer-inner\"><\/div>\n\t\t<\/div>\n\t\t\t\t<\/div>\n\t\t\t\t<\/div>\n\t\t\t\t<div class=\"elementor-element elementor-element-2f545710 elementor-widget elementor-widget-spacer\" data-id=\"2f545710\" data-element_type=\"widget\" data-widget_type=\"spacer.default\">\n\t\t\t\t<div class=\"elementor-widget-container\">\n\t\t\t\t\t<div class=\"elementor-spacer\">\n\t\t\t<div class=\"elementor-spacer-inner\"><\/div>\n\t\t<\/div>\n\t\t\t\t<\/div>\n\t\t\t\t<\/div>\n\t\t\t\t<div class=\"elementor-element elementor-element-89014f3 elementor-widget elementor-widget-text-editor\" data-id=\"89014f3\" data-element_type=\"widget\" data-widget_type=\"text-editor.default\">\n\t\t\t\t<div class=\"elementor-widget-container\">\n\t\t\t<style>\/*! elementor - v3.15.0 - 02-08-2023 *\/\n.elementor-widget-text-editor.elementor-drop-cap-view-stacked .elementor-drop-cap{background-color:#69727d;color:#fff}.elementor-widget-text-editor.elementor-drop-cap-view-framed .elementor-drop-cap{color:#69727d;border:3px solid;background-color:transparent}.elementor-widget-text-editor:not(.elementor-drop-cap-view-default) .elementor-drop-cap{margin-top:8px}.elementor-widget-text-editor:not(.elementor-drop-cap-view-default) .elementor-drop-cap-letter{width:1em;height:1em}.elementor-widget-text-editor .elementor-drop-cap{float:left;text-align:center;line-height:1;font-size:50px}.elementor-widget-text-editor .elementor-drop-cap-letter{display:inline-block}<\/style>\t\t\t\t<p style=\"text-align: center;\"><span style=\"color: #ffffff;\">Este site n\u00e3o \u00e9 do Facebook e n\u00e3o faz parte do mesmo. Al\u00e9m disso, este site n\u00e3o \u00e9 endossado pelo Facebook de nenhuma maneira, a marca Almanaque dos Desejos \u00e9 uma marca comercial independente da Facebook, Inc.<\/span><\/p><p style=\"text-align: center;\"><span style=\"color: #ffffff;\">A marca Almanaque dos Desejos \u00e9 uma empresa s\u00e9ria, que tem como objetivo ajudar homens a recuperarem ou ganharem autoestima atr\u00e1ves da arte da sedu\u00e7\u00e3o. Os depoimentos mostrados s\u00e3o de pessoas diferentes e v\u00e3o variar com base no seu esfor\u00e7o, no conhecimento que voc\u00ea adquirir.\u00a0<\/span><\/p><p style=\"text-align: center;\"><span style=\"color: #ffffff;\">N\u00f3s N\u00c3O compartilharemos suas informa\u00e7\u00f5es com ningu\u00e9m.<\/span><\/p><p style=\"text-align: center;\"><span style=\"color: #ffffff;\">Ao se cadastrar voc\u00ea est\u00e1 concordando com a nossas\u00a0politicas de publicidade e com os\u00a0termos de uso.<\/span><\/p>\t\t\t\t\t\t<\/div>\n\t\t\t\t<\/div>\n\t\t\t\t\t<\/div>\n\t\t<\/div>\n\t\t\t\t\t\t\t<\/div>\n\t\t<\/section>\n\t\t\t\t\t\t\t<\/div>\n\t\t","protected":false},"excerpt":{"rendered":"<p>\ud83d\udd0a Verifique se o seu \u00e1udio est\u00e1 ligado! Este site n\u00e3o \u00e9 do Facebook e n\u00e3o faz parte do mesmo. Al\u00e9m disso, este site n\u00e3o \u00e9 endossado pelo Facebook de nenhuma maneira, a marca Almanaque dos Desejos \u00e9 uma marca comercial independente da Facebook, Inc. A marca Almanaque dos Desejos \u00e9 uma empresa s\u00e9ria, que [&hellip;]<\/p>\n","protected":false},"author":1,"featured_media":0,"parent":0,"menu_order":0,"comment_status":"closed","ping_status":"closed","template":"elementor_canvas","meta":{"footnotes":""},"_links":{"self":[{"href":"https:\/\/novorobo1sd.online\/index.php\/wp-json\/wp\/v2\/pages\/74"}],"collection":[{"href":"https:\/\/novorobo1sd.online\/index.php\/wp-json\/wp\/v2\/pages"}],"about":[{"href":"https:\/\/novorobo1sd.online\/index.php\/wp-json\/wp\/v2\/types\/page"}],"author":[{"embeddable":true,"href":"https:\/\/novorobo1sd.online\/index.php\/wp-json\/wp\/v2\/users\/1"}],"replies":[{"embeddable":true,"href":"https:\/\/novorobo1sd.online\/index.php\/wp-json\/wp\/v2\/comments?post=74"}],"version-history":[{"count":4,"href":"https:\/\/novorobo1sd.online\/index.php\/wp-json\/wp\/v2\/pages\/74\/revisions"}],"predecessor-version":[{"id":80,"href":"https:\/\/novorobo1sd.online\/index.php\/wp-json\/wp\/v2\/pages\/74\/revisions\/80"}],"wp:attachment":[{"href":"https:\/\/novorobo1sd.online\/index.php\/wp-json\/wp\/v2\/media?parent=74"}],"curies":[{"name":"wp","href":"https:\/\/api.w.org\/{rel}","templated":true}]}}