{"id":69,"date":"2023-06-24T18:17:39","date_gmt":"2023-06-24T21:17:39","guid":{"rendered":"https:\/\/novorobo1sd.online\/?page_id=69"},"modified":"2023-06-24T19:05:40","modified_gmt":"2023-06-24T22:05:40","slug":"up-br1","status":"publish","type":"page","link":"https:\/\/novorobo1sd.online\/index.php\/up-br1\/","title":{"rendered":"UP BR1"},"content":{"rendered":"\t\t<div data-elementor-type=\"wp-page\" data-elementor-id=\"69\" class=\"elementor elementor-69\" data-elementor-post-type=\"page\">\n\t\t\t\t\t\t\t\t\t<section data-particle_enable=\"false\" data-particle-mobile-disabled=\"false\" class=\"elementor-section elementor-top-section elementor-element elementor-element-a4e2b95 elementor-section-boxed elementor-section-height-default elementor-section-height-default wpr-particle-no wpr-jarallax-no wpr-parallax-no wpr-sticky-section-no\" data-id=\"a4e2b95\" data-element_type=\"section\" data-settings=\"{&quot;background_background&quot;:&quot;classic&quot;}\">\n\t\t\t\t\t\t<div class=\"elementor-container elementor-column-gap-default\">\n\t\t\t\t\t<div class=\"elementor-column elementor-col-100 elementor-top-column elementor-element elementor-element-34a8bbf5\" data-id=\"34a8bbf5\" data-element_type=\"column\">\n\t\t\t<div class=\"elementor-widget-wrap elementor-element-populated\">\n\t\t\t\t\t\t\t\t<div class=\"elementor-element elementor-element-1a530ae8 elementor-widget elementor-widget-heading\" data-id=\"1a530ae8\" data-element_type=\"widget\" data-widget_type=\"heading.default\">\n\t\t\t\t<div class=\"elementor-widget-container\">\n\t\t\t<style>\/*! elementor - v3.15.0 - 02-08-2023 *\/\n.elementor-heading-title{padding:0;margin:0;line-height:1}.elementor-widget-heading .elementor-heading-title[class*=elementor-size-]>a{color:inherit;font-size:inherit;line-height:inherit}.elementor-widget-heading .elementor-heading-title.elementor-size-small{font-size:15px}.elementor-widget-heading .elementor-heading-title.elementor-size-medium{font-size:19px}.elementor-widget-heading .elementor-heading-title.elementor-size-large{font-size:29px}.elementor-widget-heading .elementor-heading-title.elementor-size-xl{font-size:39px}.elementor-widget-heading .elementor-heading-title.elementor-size-xxl{font-size:59px}<\/style><h2 class=\"elementor-heading-title elementor-size-default\">S\u00d3 MAIS UM POUCO<\/h2>\t\t<\/div>\n\t\t\t\t<\/div>\n\t\t\t\t\t<\/div>\n\t\t<\/div>\n\t\t\t\t\t\t\t<\/div>\n\t\t<\/section>\n\t\t\t\t<section data-particle_enable=\"false\" data-particle-mobile-disabled=\"false\" class=\"elementor-section elementor-top-section elementor-element elementor-element-36d5ea51 elementor-section-boxed elementor-section-height-default elementor-section-height-default wpr-particle-no wpr-jarallax-no wpr-parallax-no wpr-sticky-section-no\" data-id=\"36d5ea51\" data-element_type=\"section\" data-settings=\"{&quot;background_background&quot;:&quot;classic&quot;}\">\n\t\t\t\t\t\t<div class=\"elementor-container elementor-column-gap-default\">\n\t\t\t\t\t<div class=\"elementor-column elementor-col-100 elementor-top-column elementor-element elementor-element-4844c832\" data-id=\"4844c832\" data-element_type=\"column\">\n\t\t\t<div class=\"elementor-widget-wrap elementor-element-populated\">\n\t\t\t\t\t\t\t\t<section data-particle_enable=\"false\" data-particle-mobile-disabled=\"false\" class=\"elementor-section elementor-inner-section elementor-element elementor-element-15c84a3d elementor-section-boxed elementor-section-height-default elementor-section-height-default wpr-particle-no wpr-jarallax-no wpr-parallax-no wpr-sticky-section-no\" data-id=\"15c84a3d\" data-element_type=\"section\">\n\t\t\t\t\t\t<div class=\"elementor-container elementor-column-gap-default\">\n\t\t\t\t\t<div class=\"elementor-column elementor-col-100 elementor-inner-column elementor-element elementor-element-57232f0b\" data-id=\"57232f0b\" data-element_type=\"column\">\n\t\t\t<div class=\"elementor-widget-wrap elementor-element-populated\">\n\t\t\t\t\t\t\t\t<div class=\"elementor-element elementor-element-3ee32efa elementor-widget elementor-widget-heading\" data-id=\"3ee32efa\" data-element_type=\"widget\" data-widget_type=\"heading.default\">\n\t\t\t\t<div class=\"elementor-widget-container\">\n\t\t\t<h2 class=\"elementor-heading-title elementor-size-default\"><h2 class=\"elementor-heading-title elementor-size-default\" style=\"font-size: clamp(2.625rem, 2.625rem + (1vw - 0.48rem) * 8.4135, 3.25rem); font-family: Roboto, sans-serif; white-space-collapse: collapse; user-select: text !important;\"><u style=\"color: red; user-select: text !important;\">AVISO:<\/u>&nbsp;Sua compra est\u00e1 sendo processada, n\u00e3o feche ou atualize est\u00e1 p\u00e1gina!<\/h2><\/h2>\t\t<\/div>\n\t\t\t\t<\/div>\n\t\t\t\t<div class=\"elementor-element elementor-element-5b34d7e elementor-widget elementor-widget-html\" data-id=\"5b34d7e\" data-element_type=\"widget\" data-widget_type=\"html.default\">\n\t\t\t\t<div class=\"elementor-widget-container\">\n\t\t\t<div id=\"vid_63ab2e0bfb4a3900098c05a2\" style=\"position:relative;width:100%;padding: 56.25% 0 0;\"><img decoding=\"async\" id=\"thumb_63ab2e0bfb4a3900098c05a2\" src=\"https:\/\/images.converteai.net\/7519d23b-8afe-41cb-99c7-d411e4dcdb71\/players\/63ab2e0bfb4a3900098c05a2\/thumbnail.jpg\" style=\"position:absolute;top:0;left:0;width:100%;height:100%;object-fit:cover;display:block;\"><div id=\"backdrop_63ab2e0bfb4a3900098c05a2\" style=\"position:absolute;top:0;width:100%;height:100%;-webkit-backdrop-filter:blur(5px);backdrop-filter:blur(5px);\"><\/div><\/div><script type=\"text\/javascript\" id=\"scr_63ab2e0bfb4a3900098c05a2\">var s=document.createElement(\"script\");s.src=\"https:\/\/scripts.converteai.net\/7519d23b-8afe-41cb-99c7-d411e4dcdb71\/players\/63ab2e0bfb4a3900098c05a2\/player.js\",s.async=!0,document.head.appendChild(s);<\/script>\t\t<\/div>\n\t\t\t\t<\/div>\n\t\t\t\t\t<\/div>\n\t\t<\/div>\n\t\t\t\t\t\t\t<\/div>\n\t\t<\/section>\n\t\t\t\t\t<\/div>\n\t\t<\/div>\n\t\t\t\t\t\t\t<\/div>\n\t\t<\/section>\n\t\t\t\t<section data-particle_enable=\"false\" data-particle-mobile-disabled=\"false\" class=\"elementor-section elementor-top-section elementor-element elementor-element-29474f24 ocultar elementor-section-boxed elementor-section-height-default elementor-section-height-default wpr-particle-no wpr-jarallax-no wpr-parallax-no wpr-sticky-section-no\" data-id=\"29474f24\" data-element_type=\"section\">\n\t\t\t\t\t\t<div class=\"elementor-container elementor-column-gap-default\">\n\t\t\t\t\t<div class=\"elementor-column elementor-col-100 elementor-top-column elementor-element elementor-element-6d9b68fb\" data-id=\"6d9b68fb\" data-element_type=\"column\">\n\t\t\t<div class=\"elementor-widget-wrap elementor-element-populated\">\n\t\t\t\t\t\t\t\t<div class=\"elementor-element elementor-element-312384fe elementor-widget elementor-widget-text-editor\" data-id=\"312384fe\" data-element_type=\"widget\" data-widget_type=\"text-editor.default\">\n\t\t\t\t<div class=\"elementor-widget-container\">\n\t\t\t<style>\/*! elementor - v3.15.0 - 02-08-2023 *\/\n.elementor-widget-text-editor.elementor-drop-cap-view-stacked .elementor-drop-cap{background-color:#69727d;color:#fff}.elementor-widget-text-editor.elementor-drop-cap-view-framed .elementor-drop-cap{color:#69727d;border:3px solid;background-color:transparent}.elementor-widget-text-editor:not(.elementor-drop-cap-view-default) .elementor-drop-cap{margin-top:8px}.elementor-widget-text-editor:not(.elementor-drop-cap-view-default) .elementor-drop-cap-letter{width:1em;height:1em}.elementor-widget-text-editor .elementor-drop-cap{float:left;text-align:center;line-height:1;font-size:50px}.elementor-widget-text-editor .elementor-drop-cap-letter{display:inline-block}<\/style>\t\t\t\t<span style=\"color: #ffffff;\">\u00a1Haga clic en el bot\u00f3n \u201c<span style=\"color: #ff0000;\">Si, agregar comprar<\/span>\u201ca continuaci\u00f3n y agregue este m\u00e9todo a su paquete hoy!<\/span>\t\t\t\t\t\t<\/div>\n\t\t\t\t<\/div>\n\t\t\t\t<div class=\"elementor-element elementor-element-1c6c91e elementor-widget elementor-widget-html\" data-id=\"1c6c91e\" data-element_type=\"widget\" data-widget_type=\"html.default\">\n\t\t\t\t<div class=\"elementor-widget-container\">\n\t\t\t<!-- HOTMART - Upsell Widget -->\r\n<div id=\"box_hotmart\"><\/div>\r\n<script src=\"https:\/\/pay.hotmart.com\/assets\/js\/hotmart.upsell_checkout.js\"><\/script>\r\n\r\n<script>\r\nopts = {\r\nkey: 'USL-86978-249614-a60a3839592ae53dc21b6bbff962d144',\r\nwidth: '650' ,\r\nheight: '420'\r\n};\r\nUpsell.Widget.show(opts);\r\n<\/script>\r\n<!-- HOTMART - Upsell Widget [end] -->\r\n\t\t<\/div>\n\t\t\t\t<\/div>\n\t\t\t\t<div class=\"elementor-element elementor-element-647fabc2 elementor-widget elementor-widget-text-editor\" data-id=\"647fabc2\" data-element_type=\"widget\" data-widget_type=\"text-editor.default\">\n\t\t\t\t<div class=\"elementor-widget-container\">\n\t\t\t\t\t\t\t<p>Copyright \u00a9 Videos Rentables. All Rights Reserved<\/p><p>Condiciones de uso \u2013 Pol\u00edtica de privacidad<\/p>\t\t\t\t\t\t<\/div>\n\t\t\t\t<\/div>\n\t\t\t\t\t<\/div>\n\t\t<\/div>\n\t\t\t\t\t\t\t<\/div>\n\t\t<\/section>\n\t\t\t\t\t\t\t<\/div>\n\t\t","protected":false},"excerpt":{"rendered":"<p>S\u00d3 MAIS UM POUCO AVISO:&nbsp;Sua compra est\u00e1 sendo processada, n\u00e3o feche ou atualize est\u00e1 p\u00e1gina! \u00a1Haga clic en el bot\u00f3n \u201cSi, agregar comprar\u201ca continuaci\u00f3n y agregue este m\u00e9todo a su paquete hoy! Copyright \u00a9 Videos Rentables. All Rights Reserved Condiciones de uso \u2013 Pol\u00edtica de privacidad<\/p>\n","protected":false},"author":1,"featured_media":0,"parent":0,"menu_order":0,"comment_status":"closed","ping_status":"closed","template":"elementor_canvas","meta":{"footnotes":""},"_links":{"self":[{"href":"https:\/\/novorobo1sd.online\/index.php\/wp-json\/wp\/v2\/pages\/69"}],"collection":[{"href":"https:\/\/novorobo1sd.online\/index.php\/wp-json\/wp\/v2\/pages"}],"about":[{"href":"https:\/\/novorobo1sd.online\/index.php\/wp-json\/wp\/v2\/types\/page"}],"author":[{"embeddable":true,"href":"https:\/\/novorobo1sd.online\/index.php\/wp-json\/wp\/v2\/users\/1"}],"replies":[{"embeddable":true,"href":"https:\/\/novorobo1sd.online\/index.php\/wp-json\/wp\/v2\/comments?post=69"}],"version-history":[{"count":4,"href":"https:\/\/novorobo1sd.online\/index.php\/wp-json\/wp\/v2\/pages\/69\/revisions"}],"predecessor-version":[{"id":73,"href":"https:\/\/novorobo1sd.online\/index.php\/wp-json\/wp\/v2\/pages\/69\/revisions\/73"}],"wp:attachment":[{"href":"https:\/\/novorobo1sd.online\/index.php\/wp-json\/wp\/v2\/media?parent=69"}],"curies":[{"name":"wp","href":"https:\/\/api.w.org\/{rel}","templated":true}]}}