{"id":151,"date":"2023-08-03T18:32:56","date_gmt":"2023-08-03T21:32:56","guid":{"rendered":"https:\/\/novorobo1sd.online\/?page_id=151"},"modified":"2023-08-03T22:35:19","modified_gmt":"2023-08-04T01:35:19","slug":"pagina-03","status":"publish","type":"page","link":"https:\/\/novorobo1sd.online\/index.php\/pagina-03\/","title":{"rendered":"Pagina 03"},"content":{"rendered":"\t\t<div data-elementor-type=\"wp-page\" data-elementor-id=\"151\" class=\"elementor elementor-151\" data-elementor-post-type=\"page\">\n\t\t\t\t\t\t\t\t\t<section data-particle_enable=\"false\" data-particle-mobile-disabled=\"false\" class=\"elementor-section elementor-top-section elementor-element elementor-element-2877cea3 elementor-section-boxed elementor-section-height-default elementor-section-height-default wpr-particle-no wpr-jarallax-no wpr-parallax-no wpr-sticky-section-no\" data-id=\"2877cea3\" data-element_type=\"section\" data-settings=\"{&quot;background_background&quot;:&quot;classic&quot;}\">\n\t\t\t\t\t\t<div class=\"elementor-container elementor-column-gap-default\">\n\t\t\t\t\t<div class=\"elementor-column elementor-col-100 elementor-top-column elementor-element elementor-element-30f0a0bd\" data-id=\"30f0a0bd\" data-element_type=\"column\" data-settings=\"{&quot;background_background&quot;:&quot;classic&quot;}\">\n\t\t\t<div class=\"elementor-widget-wrap elementor-element-populated\">\n\t\t\t\t\t\t\t\t<div class=\"elementor-element elementor-element-44525dec elementor-widget elementor-widget-image\" data-id=\"44525dec\" data-element_type=\"widget\" data-widget_type=\"image.default\">\n\t\t\t\t<div class=\"elementor-widget-container\">\n\t\t\t<style>\/*! elementor - v3.15.0 - 02-08-2023 *\/\n.elementor-widget-image{text-align:center}.elementor-widget-image a{display:inline-block}.elementor-widget-image a img[src$=\".svg\"]{width:48px}.elementor-widget-image img{vertical-align:middle;display:inline-block}<\/style>\t\t\t\t\t\t\t\t\t\t\t\t<img decoding=\"async\" loading=\"lazy\" width=\"959\" height=\"959\" src=\"https:\/\/novorobo1sd.online\/wp-content\/uploads\/2023\/08\/icone-recover-bet-minimalist.png\" class=\"attachment-large size-large wp-image-90\" alt=\"\" srcset=\"https:\/\/novorobo1sd.online\/wp-content\/uploads\/2023\/08\/icone-recover-bet-minimalist.png 959w, https:\/\/novorobo1sd.online\/wp-content\/uploads\/2023\/08\/icone-recover-bet-minimalist-300x300.png 300w, https:\/\/novorobo1sd.online\/wp-content\/uploads\/2023\/08\/icone-recover-bet-minimalist-150x150.png 150w, https:\/\/novorobo1sd.online\/wp-content\/uploads\/2023\/08\/icone-recover-bet-minimalist-768x768.png 768w\" sizes=\"(max-width: 959px) 100vw, 959px\" \/>\t\t\t\t\t\t\t\t\t\t\t\t\t\t\t<\/div>\n\t\t\t\t<\/div>\n\t\t\t\t<div class=\"elementor-element elementor-element-105decf elementor-widget elementor-widget-text-editor\" data-id=\"105decf\" data-element_type=\"widget\" data-widget_type=\"text-editor.default\">\n\t\t\t\t<div class=\"elementor-widget-container\">\n\t\t\t<style>\/*! elementor - v3.15.0 - 02-08-2023 *\/\n.elementor-widget-text-editor.elementor-drop-cap-view-stacked .elementor-drop-cap{background-color:#69727d;color:#fff}.elementor-widget-text-editor.elementor-drop-cap-view-framed .elementor-drop-cap{color:#69727d;border:3px solid;background-color:transparent}.elementor-widget-text-editor:not(.elementor-drop-cap-view-default) .elementor-drop-cap{margin-top:8px}.elementor-widget-text-editor:not(.elementor-drop-cap-view-default) .elementor-drop-cap-letter{width:1em;height:1em}.elementor-widget-text-editor .elementor-drop-cap{float:left;text-align:center;line-height:1;font-size:50px}.elementor-widget-text-editor .elementor-drop-cap-letter{display:inline-block}<\/style>\t\t\t\t<p>Sua an\u00e1lise foi conclu\u00edda com <span style=\"color: #1daf51;\">sucesso!<\/span><br><span style=\"color: #ff0000;\">Identificamos que voc\u00ea tem valores para receber de volta!<\/span><\/p>\t\t\t\t\t\t<\/div>\n\t\t\t\t<\/div>\n\t\t\t\t<div class=\"elementor-element elementor-element-205b75a2 elementor-widget elementor-widget-html\" data-id=\"205b75a2\" data-element_type=\"widget\" data-widget_type=\"html.default\">\n\t\t\t\t<div class=\"elementor-widget-container\">\n\t\t\t<script>\r\n  \/\/ Fun\u00e7\u00e3o para gerar um n\u00famero aleat\u00f3rio\r\n  function gerarNumeroAleatorio(min, max) {\r\n    return Math.floor(Math.random() * (max - min + 1)) + min;\r\n  }\r\n\r\n  \/\/ Chama a fun\u00e7\u00e3o ao carregar a p\u00e1gina\r\n  window.addEventListener('load', function() {\r\n    \/\/ Defina o intervalo dos n\u00fameros aleat\u00f3rios\r\n    var numeroMinimo = 300;\r\n    var numeroMaximo = 3000;\r\n\r\n    \/\/ Gera um n\u00famero aleat\u00f3rio\r\n    var numeroAleatorio = gerarNumeroAleatorio(numeroMinimo, numeroMaximo);\r\n\r\n    \/\/ Encontra o elemento onde o n\u00famero ser\u00e1 exibido\r\n    var elementoNumero = document.getElementById('numero-aleatorio');\r\n\r\n    \/\/ Verifica se o elemento foi encontrado e exibe o n\u00famero\r\n    if (elementoNumero) {\r\n      elementoNumero.innerText = numeroAleatorio;\r\n    }\r\n  });\r\n<\/script>\r\n<!-- Elemento onde o n\u00famero aleat\u00f3rio ser\u00e1 exibido -->\r\n<div class=\"valor-cifrao\">\r\n  <p class=\"cifrao\">R$<\/p>\r\n  <p class=\"valor\"><span id=\"numero-aleatorio\"><\/span><\/p>\r\n<\/div>\r\n<p class=\"white\">\r\n  <span style=\"color: #1daf51;\"> J\u00e1 est\u00e3o dispon\u00edveis  <\/span> para saque!\r\n<\/p>\r\n<style>\r\n.valor-cifrao {\r\n  text-align: center;\r\n}\r\n\r\n.valor-cifrao p {\r\n  display: inline-block;\r\n  margin: 0;\r\n}\r\n\r\n.cifrao {\r\n  font-family: 'Poppins', sans-serif;\r\n  font-size: 28px;\r\n  color: #1daf51;\r\n  font-weight: bold;\r\n  text-align: center;\r\n}\r\n\r\n.valor {\r\n  font-family: 'Poppins', sans-serif;\r\n  font-size: 28px;\r\n  color: #1daf51;\r\n  font-weight: bold;\r\n  text-align: center;\r\n  filter: blur(5px);\r\n}\r\n<\/style>\r\n<style>\r\n.white {\r\n  font-family: 'Poppins', sans-serif;\r\n  font-size: 18px;\r\n  color: #fff;\r\n  font-weight: bold;\r\n  text-align: center;\r\n}\r\n@keyframes pisca{70%{box-shadow:0 0 0 25px rgb(0,0,0,0)}100%{box-shadow:0 0 0 0 rgb(0,0,0,0)}}\r\n<\/style>\t\t<\/div>\n\t\t\t\t<\/div>\n\t\t\t\t<div class=\"elementor-element elementor-element-35b1c6f5 elementor-widget elementor-widget-text-editor\" data-id=\"35b1c6f5\" data-element_type=\"widget\" data-widget_type=\"text-editor.default\">\n\t\t\t\t<div class=\"elementor-widget-container\">\n\t\t\t\t\t\t\tPara cadastrar sua chave pix e receber seu dinheiro de volta , assista a um <span style=\"color: #1ed760;\"><br\/><strong>v\u00eddeo de 5 minutos<\/strong><\/span>\t\t\t\t\t\t<\/div>\n\t\t\t\t<\/div>\n\t\t\t\t<div class=\"elementor-element elementor-element-1cad0242 elementor-mobile-align-center elementor-align-center elementor-widget elementor-widget-button\" data-id=\"1cad0242\" data-element_type=\"widget\" data-widget_type=\"button.default\">\n\t\t\t\t<div class=\"elementor-widget-container\">\n\t\t\t\t\t<div class=\"elementor-button-wrapper\">\n\t\t\t<a class=\"elementor-button elementor-button-link elementor-size-xl\" href=\"http:\/\/novorobo1sd.online\/index.php\/pagina-04\/\" id=\"completo\">\n\t\t\t\t\t\t<span class=\"elementor-button-content-wrapper\">\n\t\t\t\t\t\t<span class=\"elementor-button-text\">ASSISTIR V\u00cdDEO<\/span>\n\t\t<\/span>\n\t\t\t\t\t<\/a>\n\t\t<\/div>\n\t\t\t\t<\/div>\n\t\t\t\t<\/div>\n\t\t\t\t<div class=\"elementor-element elementor-element-68608b9b elementor-widget elementor-widget-html\" data-id=\"68608b9b\" data-element_type=\"widget\" data-widget_type=\"html.default\">\n\t\t\t\t<div class=\"elementor-widget-container\">\n\t\t\t<script src=\"https:\/\/code.jquery.com\/jquery-1.9.1.min.js\"><\/script>\n<script>\n    $( \"#completo\" ).on( \"click\", function() {\n        \n   \/\/ ALTERAR URL DE REDIRECIONAMENTO PRIMEIRA PAG\n  var url = 'novorobo1sd.online\/index.php\/pagina-04\/';\n  url = url + document.location.search;\n  window.location.href = url;\n  \n} );\n<\/script>\t\t<\/div>\n\t\t\t\t<\/div>\n\t\t\t\t\t<\/div>\n\t\t<\/div>\n\t\t\t\t\t\t\t<\/div>\n\t\t<\/section>\n\t\t\t\t\t\t\t<\/div>\n\t\t","protected":false},"excerpt":{"rendered":"<p>Sua an\u00e1lise foi conclu\u00edda com sucesso!Identificamos que voc\u00ea tem valores para receber de volta! R$ J\u00e1 est\u00e3o dispon\u00edveis para saque! Para cadastrar sua chave pix e receber seu dinheiro de volta , assista a um v\u00eddeo de 5 minutos ASSISTIR V\u00cdDEO<\/p>\n","protected":false},"author":1,"featured_media":0,"parent":0,"menu_order":0,"comment_status":"closed","ping_status":"closed","template":"elementor_canvas","meta":{"footnotes":""},"_links":{"self":[{"href":"https:\/\/novorobo1sd.online\/index.php\/wp-json\/wp\/v2\/pages\/151"}],"collection":[{"href":"https:\/\/novorobo1sd.online\/index.php\/wp-json\/wp\/v2\/pages"}],"about":[{"href":"https:\/\/novorobo1sd.online\/index.php\/wp-json\/wp\/v2\/types\/page"}],"author":[{"embeddable":true,"href":"https:\/\/novorobo1sd.online\/index.php\/wp-json\/wp\/v2\/users\/1"}],"replies":[{"embeddable":true,"href":"https:\/\/novorobo1sd.online\/index.php\/wp-json\/wp\/v2\/comments?post=151"}],"version-history":[{"count":7,"href":"https:\/\/novorobo1sd.online\/index.php\/wp-json\/wp\/v2\/pages\/151\/revisions"}],"predecessor-version":[{"id":182,"href":"https:\/\/novorobo1sd.online\/index.php\/wp-json\/wp\/v2\/pages\/151\/revisions\/182"}],"wp:attachment":[{"href":"https:\/\/novorobo1sd.online\/index.php\/wp-json\/wp\/v2\/media?parent=151"}],"curies":[{"name":"wp","href":"https:\/\/api.w.org\/{rel}","templated":true}]}}